{"id":42,"date":"2017-02-01T13:24:29","date_gmt":"2017-02-01T13:24:29","guid":{"rendered":"http:\/\/frank-e.dk\/?page_id=42"},"modified":"2020-10-06T11:31:16","modified_gmt":"2020-10-06T11:31:16","slug":"cv","status":"publish","type":"page","link":"https:\/\/frank-e.dk\/?page_id=42","title":{"rendered":"CV"},"content":{"rendered":"<h4><strong>Curriculum Vitae<\/strong><\/h4>\n<p>Frank Emil Larsen (f. 1976), Rosenholms All\u00e9 27, st., 2500 Valby<br \/>\ncand. mag i nordisk samt medier, kultur &amp; it<\/p>\n<h4><strong>Erhvervserfaring<\/strong><\/h4>\n<p>2020-<\/p>\n<p><em>Adjunkt (HTX) i Kommunikation &amp; IT ved NEXTKbh, HTX Sukkertoppen<\/em><\/p>\n<p><em>2018-\u00a0\u00a0\u00a0\u00a0\u00a0\u00a0\u00a0\u00a0\u00a0\u00a0\u00a0\u00a0\u00a0 <\/em><\/p>\n<p><em>Skribent p\u00e5 freelance-basis, af lidt af hvert<\/em><\/p>\n<p><em>2016-2017<\/em><\/p>\n<p><em>Timel\u00e6rer (EUD\/EUX mm.) i dansk p\u00e5 NEXT Kbh, Nordvest &amp; Taastrup<\/em><\/p>\n<p><em>2014-2015 <\/em><\/p>\n<p><em>\u00c5rsvikar (HF\/VUC) i dansk p\u00e5 VUC Vestegnen, Albertslund &amp; R\u00f8dovre<\/em><\/p>\n<p><em>2013-2014 <\/em><\/p>\n<p><em>T<\/em><em>imel\u00e6rer (HHX) i dansk p\u00e5 Niels Brock, Kultorvet<\/em><\/p>\n<ul>\n<li>Undervisning i dansk (evt. virtuel\/e-learning og\/eller p\u00e5 engelsk)<\/li>\n<li>Planl\u00e6gning\/forberedelse &#8211; evt. med inddragelse af Cooperative Learning mv.<\/li>\n<li>Eksaminering<\/li>\n<li>Rettelser og censur<\/li>\n<li>Udarbejdelse af undervisnings\/kursusmateriale (sp\u00f8rgsm\u00e5l, kompendier mv.)<\/li>\n<\/ul>\n<p><em>2011-2013 <\/em><\/p>\n<p><em>Kommunikations- og marketingsmedarbejder ved \u00d8konomi &amp; Personale A\/S (kursusvirksomhed)<\/em><\/p>\n<ul>\n<li>Webredakt\u00f8r &#8211; opdatering og udvikling af hjemmeside via CMS<\/li>\n<li>Kursusudvikling (f.eks. vedr. arbejsmilj\u00f8, sociale medier og kommunikation)<\/li>\n<li>Markedsf\u00f8ring af kurser<\/li>\n<li>Administration, kontorarbejde, telefon, databasearbejde<\/li>\n<li>Marketing via email, portaler, telefon, post og sociale medier<\/li>\n<li>Samarbejde med eksterne leverand\u00f8rer og instrukt\u00f8rer<\/li>\n<\/ul>\n<p><em>2010 <\/em><\/p>\n<p><em>AC-medarbejder ved K\u00f8benhavns Kommune, Kontoret for\u00a0<span style=\"font-size: 1rem;\">Integrationspolitik, Besk\u00e6ftigelses- og Integrationsforvaltningen.\u00a0<\/span><\/em><\/p>\n<ul>\n<li>Skriftlig kommunikation<\/li>\n<li>Politikudvikling<\/li>\n<li>Notater, indstillinger, research, m\u00f8deforberedelse og taleskrivning til ledelse og folkevalgte<\/li>\n<li>Redaktion af informationsmateriale p\u00e5 dansk og engelsk<\/li>\n<li>Kommunikationsr\u00e5dgivning mht. medievalg og form i henhold til m\u00e5lgrupper.<\/li>\n<\/ul>\n<p><em>2009 <\/em><\/p>\n<p><em>TV-Journalist og researcher (p\u00e5 freelance-basis) p\u00e5 to afsnit af \u201dDet nye iv\u00e6rks\u00e6tteri\u201d for DK4.<\/em><\/p>\n<ul>\n<li>Research, briefing af v\u00e6rt og interviewpersoner<\/li>\n<li>Interview<\/li>\n<li>Planl\u00e6gning samt redigering af indslag i samarbejde med redigeringstekniker<\/li>\n<li>Planl\u00e6gning af udsendelse i samarbejde med v\u00e6rt\/\u201danker\u201d<\/li>\n<\/ul>\n<p><em>2007-2009 <\/em><\/p>\n<p><em>TV-Journalist (freelance) ved Denmark Soccer Festival 2007-2008 samt Cup Denmark 2009 &#8211; en \u00e5rligt tilbagevendende, ugelang international fodboldfestival for unge mellem 10 og 19 \u00e5r. <\/em><\/p>\n<ul>\n<li>Interview p\u00e5 engelsk<\/li>\n<li>Konferencier &amp; v\u00e6rt, ligeledes p\u00e5 engelsk<\/li>\n<li>Planl\u00e6gning af dagens program<\/li>\n<li>Manuskript<\/li>\n<\/ul>\n<p><em>2006-2007 <\/em><\/p>\n<p><em>TV-Journalist ved TV-Ish\u00f8j (som samtidig er kommunikationsafdeling for Ish\u00f8j Kommune). Eksempler p\u00e5 indslag fremvises gerne.<\/em><\/p>\n<ul>\n<li>Interview<\/li>\n<li>Kamera (Sony DV-Cam)<\/li>\n<li>Videoredigering af lyd &amp; billede (Adobe Premiere Pro)<\/li>\n<li>Speak<\/li>\n<li>V\u00e6rtsrollen<\/li>\n<li>Research &amp; planl\u00e6gning<\/li>\n<li>Journalistisk arbejde<\/li>\n<li>Undertekster, overs\u00e6ttelse fra engelsk<\/li>\n<li>Selvkomponeret musik til indslag<\/li>\n<li>Kontakt til lokale medier, forst\u00e5else for lokale historier<\/li>\n<li>Politisk kommunikation og det at fungere i en politisk styret organisation<\/li>\n<li>Skriftlige bidrag til kommuneblad og intern kommunikation<\/li>\n<\/ul>\n<p><em>2005-2006 &amp; 2009 <\/em><\/p>\n<p><em>Ud- og omarbejdelse af udbudsmateriale for Aktuel Undervisning ApS, med\u00a0henblik p\u00e5 at virksomheden skulle opn\u00e5 kontrakt p\u00e5 kommunalt udbud indenfor uddannelse og jobs\u00f8gningshj\u00e6lp til arbejdsl\u00f8se.<\/em><\/p>\n<ul>\n<li>Korrekturl\u00e6sning<\/li>\n<li>Sproglig omarbejdelse<\/li>\n<\/ul>\n<p><em>2004-2006 <\/em><\/p>\n<p><em>Teamleder, FDB Medlemsservice.<\/em><br \/>\n<em> Ledelse af mindre team af unge mennesker indenfor nedenst\u00e5ende arbejdsopgaver, prim\u00e6rt under den \u00e5rlige medlemskampagne, under hvilken FDBs medlemmer f\u00e5r udbetalt bonus\/dividende \u2013 og heraf f\u00f8lger en masse sp\u00f8rgsm\u00e5l, klager og lignende fra disse.<\/em><\/p>\n<ul>\n<li>Telefonisk kundeservice<\/li>\n<li>Sagsbehandling<\/li>\n<li>Databaseopdatering<\/li>\n<li>Tastearbejde<\/li>\n<li>Brevskrivning<\/li>\n<li>Postsortering<\/li>\n<\/ul>\n<p><em>1995-2004 <\/em><\/p>\n<p><em>D<\/em><em style=\"font-size: 1.125rem;\">iverse ufagl\u00e6rte vikariater eller lignende, af varierende varighed.<\/em><\/p>\n<p><em>1995-1996 <\/em><\/p>\n<p><em>Milit\u00e6rn\u00e6gter ved Danske Studerendes F\u00e6llesr\u00e5d.<\/em><\/p>\n<h4>Uddannelse og kurser<\/h4>\n<ul>\n<li>2018\u00a0 Digital Koordinator, Google Analytics certificering, intensivt 3 ugers kursus i digital marketing.<\/li>\n<li>2008 K\u00f8rekort til almindelig personbil<\/li>\n<li>2006 Cand. mag. i nordisk samt medier, kultur &amp; IT fra Syddansk Universitet\/Odense. Fag indenfor litteratur-, sprog- og medieanalyse og \u2013historie. Speciale i litter\u00e6r analyse, herudover talrige opgaver om alt fra computerspil og subkultur til Bellmans viser. Eksempler forevises gerne.<\/li>\n<li>1995 Student fra Kildeg\u00e5rd Gymnasium, Hellerup.<\/li>\n<li>1992 Afgangseksamen fra Busses Skole, Vangede.<\/li>\n<\/ul>\n<h4><strong>F\u00e6rdigheder<\/strong><\/h4>\n<p><em>Sprog<\/em><\/p>\n<ul>\n<li>Dansk (modersm\u00e5l \u2013 tales og skrives perfekt)<\/li>\n<li>Engelsk (tales flydende og med britisk accent, skrives korrekt)<\/li>\n<li>Norsk (forst\u00e5s)<\/li>\n<li>Svensk (forst\u00e5s)<\/li>\n<li>Tysk (forst\u00e5s tildels, tales gebrokkent)<\/li>\n<\/ul>\n<p><em>IT-f\u00e6rdigheder (programmer)<\/em><\/p>\n<ul>\n<li>Windows (installation af software, konfigurering, generel erfaring)<\/li>\n<li>Office-pakken (Word, lidt Excel, lidt Powerpoint)<\/li>\n<li>Videoredigering (Adobe Premiere Pro)<\/li>\n<li>Databaser (opdatering, dataindsamling, research, sortering)<\/li>\n<li>IT-flair<\/li>\n<li>Almindelig internet (mail, www, ftp, icq, messenger, sociale netv\u00e6rk etc.)<\/li>\n<li>CMS-systemer (Typo3, Umbraco, WordPress)<\/li>\n<li>Grundl\u00e6ggende hardwareforst\u00e5else (dvs. installation af grafikkort etc.)<\/li>\n<li>Grundl\u00e6ggende hjemmesidefremstilling (Dreamweaver mv.)<\/li>\n<li>Grundl\u00e6ggende netv\u00e6rk<\/li>\n<li>Lydredigering (SoundEdit mv.)<\/li>\n<\/ul>\n<p><em>Fritid<\/em><\/p>\n<ul>\n<li>1992- Aktiv p\u00e5 computer-demoscenen (<a href=\"http:\/\/en.wikipedia.org\/wiki\/Demoscene\">http:\/\/en.wikipedia.org\/wiki\/Demoscene<\/a>) som musiker, redakt\u00f8r, skribent, id\u00e9mand og organisator mv.<\/li>\n<li>1995- Skribent og forfatter, f.eks. via palepoets.com<\/li>\n<li>1998-2000 Skuespiller og tekstforfatter i Odense Studenterrevy.<\/li>\n<li>2003-2009 Bestyrelsesmedlem i Ejerforeningen Tj\u00f8rneg\u00e5rden<\/li>\n<\/ul>\n<h4><strong>Personligt<\/strong><\/h4>\n<p>&#8230;er jeg vidende og l\u00e6renem. Kreativ, id\u00e9rig, musikalsk og litter\u00e6r, og jeg har gennem de sidste mange \u00e5r skrevet indenfor snart sagt alle genrer, det vil sige lyrik, kortprosa, artikler af varierende karakter, universitetsopgaver, noveller etc.<\/p>\n<p>Venner og kollegaer betegner mig som venlig, intelligent og omg\u00e6ngelig\u2013 og jeg har klare og velargumenterede synspunkter, som jeg gerne deler &#8211; og de synspunkter og id\u00e9er, jeg ikke allerede har, kan jeg improvisere mig til. Jeg har v\u00e6ret vellidt og respekteret alle de steder, jeg har v\u00e6ret ansat i l\u00e6ngere tid, blandt andet p\u00e5 grund af en professionel og rationel tilgang til arbejdsopgaverne, kombineret med en veludviklet humoristisk sans.<br \/>\nTil dagligt bor jeg i Valby sammen med min k\u00e6reste og vores s\u00f8n (f. 2009) og datter (f. 2013).<\/p>\n","protected":false},"excerpt":{"rendered":"<p>Curriculum Vitae Frank Emil Larsen (f. 1976), Rosenholms All\u00e9 27, st., 2500 Valby cand. mag i nordisk samt medier, kultur &amp; it Erhvervserfaring 2020- Adjunkt (HTX) i Kommunikation &amp; IT ved NEXTKbh, HTX Sukkertoppen 2018-\u00a0\u00a0\u00a0\u00a0\u00a0\u00a0\u00a0\u00a0\u00a0\u00a0\u00a0\u00a0\u00a0 Skribent p\u00e5 freelance-basis, af lidt af hvert 2016-2017 Timel\u00e6rer (EUD\/EUX mm.) i dansk p\u00e5 NEXT Kbh, Nordvest &amp; Taastrup 2014-2015&hellip;<\/p>\n","protected":false},"author":1,"featured_media":49,"parent":0,"menu_order":0,"comment_status":"closed","ping_status":"closed","template":"","meta":{"footnotes":""},"class_list":["post-42","page","type-page","status-publish","has-post-thumbnail","hentry"],"_links":{"self":[{"href":"https:\/\/frank-e.dk\/index.php?rest_route=\/wp\/v2\/pages\/42","targetHints":{"allow":["GET"]}}],"collection":[{"href":"https:\/\/frank-e.dk\/index.php?rest_route=\/wp\/v2\/pages"}],"about":[{"href":"https:\/\/frank-e.dk\/index.php?rest_route=\/wp\/v2\/types\/page"}],"author":[{"embeddable":true,"href":"https:\/\/frank-e.dk\/index.php?rest_route=\/wp\/v2\/users\/1"}],"replies":[{"embeddable":true,"href":"https:\/\/frank-e.dk\/index.php?rest_route=%2Fwp%2Fv2%2Fcomments&post=42"}],"version-history":[{"count":9,"href":"https:\/\/frank-e.dk\/index.php?rest_route=\/wp\/v2\/pages\/42\/revisions"}],"predecessor-version":[{"id":307,"href":"https:\/\/frank-e.dk\/index.php?rest_route=\/wp\/v2\/pages\/42\/revisions\/307"}],"wp:featuredmedia":[{"embeddable":true,"href":"https:\/\/frank-e.dk\/index.php?rest_route=\/wp\/v2\/media\/49"}],"wp:attachment":[{"href":"https:\/\/frank-e.dk\/index.php?rest_route=%2Fwp%2Fv2%2Fmedia&parent=42"}],"curies":[{"name":"wp","href":"https:\/\/api.w.org\/{rel}","templated":true}]}}