{"id":228,"date":"2019-05-22T13:28:24","date_gmt":"2019-05-22T13:28:24","guid":{"rendered":"http:\/\/frank-e.dk\/?page_id=228"},"modified":"2019-08-09T14:10:37","modified_gmt":"2019-08-09T14:10:37","slug":"lyset-blinker-stadig-hurtigere","status":"publish","type":"page","link":"https:\/\/frank-e.dk\/","title":{"rendered":"Digtsamlingen &#8220;Lyset blinker stadig hurtigere&#8221; er udkommet d. 25. juni 2019"},"content":{"rendered":"\n<figure class=\"wp-block-image is-resized\"><img loading=\"lazy\" decoding=\"async\" src=\"http:\/\/frank-e.dk\/wp-content\/uploads\/2019\/05\/lysetblinkerstadighurtigere-637x1024.png\" alt=\"\" class=\"wp-image-229\" width=\"358\" height=\"576\" srcset=\"https:\/\/frank-e.dk\/wp-content\/uploads\/2019\/05\/lysetblinkerstadighurtigere-637x1024.png 637w, https:\/\/frank-e.dk\/wp-content\/uploads\/2019\/05\/lysetblinkerstadighurtigere-187x300.png 187w, https:\/\/frank-e.dk\/wp-content\/uploads\/2019\/05\/lysetblinkerstadighurtigere-768x1235.png 768w, https:\/\/frank-e.dk\/wp-content\/uploads\/2019\/05\/lysetblinkerstadighurtigere.png 1009w\" sizes=\"auto, (max-width: 358px) 100vw, 358px\" \/><\/figure>\n\n\n\n<p>&#8220;Ekspressionistiske og surrealistiske digte med en mands betragtninger over livet. Anbefales til l\u00e6sere af nyere poesi&#8221;. &#8211; Lekt\u00f8rudtalelse, DBC <\/p>\n\n\n\n<p>St\u00e6ser du ind p\u00e5 Facebook, s\u00e5 ligger der blandt andet ogs\u00e5 lidt video af mig, som l\u00e6ser op fra den ved udgivelsesarrangementet p\u00e5 Caf\u00e9 PYT d. 20. juni 2019.<\/p>\n\n\n\n<p>Allerede nu kan du l\u00e6se en varepr\u00f8ve (som ogs\u00e5 udg\u00f8r en stor del af bagsideteksten) <\/p>\n\n\n\n<p> denne gang er der intet menneske<br> i det tomme rum artefakten befinder sig i<br> flyvende flydende liggende og<br> eksponeret udover pulserende v\u00e6gge<\/p>\n\n\n\n<p>dette menneske er ikke i en anden ende<br>\ndet er udskrevet p\u00e5 ubestemt tid<br>\nventer p\u00e5 at artefakten<\/p>\n\n\n\n<p>indskriver sit behov i din l\u00e6ngsel<br>\ndets skiftende tyngdekr\u00e6fter overfor <br>\ndin perceptions b\u00f8lgende eftergivenhed<\/p>\n\n\n\n<p>som den ligger d\u00e9r og sludrer om<br>\nalt det I kunne have haft sammen<br>\nhvis bare du bekr\u00e6ftede<\/p>\n\n\n\n<p>eksistensen af den og <br>\num\u00e6rkeligt lod den tr\u00e6nge ind i dine rum<br>\nfor at den d\u00e9r sitrende kunne blande sig<\/p>\n\n\n\n<p>n\u00e6ste gang kunne du v\u00e6re mennesket<br>\nrummet ville ikke l\u00e6ngere v\u00e6re det samme<br>\ndu kunne flyve og flyde og ligge med<br>\nstore \u00f8jne p\u00e5 dine pulserende v\u00e6gge<\/p>\n\n\n\n<p>Hvis du synes, det kunne v\u00e6re sp\u00e6ndende at f\u00e5 mig ud og l\u00e6se op fra den &#8211; eller vil k\u00f8be v\u00e6rket, <a href=\"mailto:frank.e.larsen@gmail.com\">skriv gerne til mig<\/a> p\u00e5 mail eller via <a href=\"https:\/\/www.facebook.com\/frankedk\/\">Facebook<\/a>. Bogen kan ogs\u00e5 rekvireres hos din boghandler (ISBN 978-87-971154-0-4), og p\u00e5 et tidspunkt &#8211; h\u00e5ber jeg &#8211; tilmed l\u00e5nes p\u00e5 dit bibliotek. Spred ordene!<\/p>\n\n\n\n<p>Og \u2026 Tak fordi du l\u00e6ser \u2013 med!<\/p>\n","protected":false},"excerpt":{"rendered":"<p>&#8220;Ekspressionistiske og surrealistiske digte med en mands betragtninger over livet. Anbefales til l\u00e6sere af nyere poesi&#8221;. &#8211; Lekt\u00f8rudtalelse, DBC St\u00e6ser du ind p\u00e5 Facebook, s\u00e5 ligger der blandt andet ogs\u00e5 lidt video af mig, som l\u00e6ser op fra den ved udgivelsesarrangementet p\u00e5 Caf\u00e9 PYT d. 20. juni 2019. Allerede nu kan du l\u00e6se en varepr\u00f8ve&hellip;<\/p>\n","protected":false},"author":1,"featured_media":0,"parent":0,"menu_order":0,"comment_status":"closed","ping_status":"closed","template":"","meta":{"footnotes":""},"class_list":["post-228","page","type-page","status-publish","hentry"],"_links":{"self":[{"href":"https:\/\/frank-e.dk\/index.php?rest_route=\/wp\/v2\/pages\/228","targetHints":{"allow":["GET"]}}],"collection":[{"href":"https:\/\/frank-e.dk\/index.php?rest_route=\/wp\/v2\/pages"}],"about":[{"href":"https:\/\/frank-e.dk\/index.php?rest_route=\/wp\/v2\/types\/page"}],"author":[{"embeddable":true,"href":"https:\/\/frank-e.dk\/index.php?rest_route=\/wp\/v2\/users\/1"}],"replies":[{"embeddable":true,"href":"https:\/\/frank-e.dk\/index.php?rest_route=%2Fwp%2Fv2%2Fcomments&post=228"}],"version-history":[{"count":9,"href":"https:\/\/frank-e.dk\/index.php?rest_route=\/wp\/v2\/pages\/228\/revisions"}],"predecessor-version":[{"id":293,"href":"https:\/\/frank-e.dk\/index.php?rest_route=\/wp\/v2\/pages\/228\/revisions\/293"}],"wp:attachment":[{"href":"https:\/\/frank-e.dk\/index.php?rest_route=%2Fwp%2Fv2%2Fmedia&parent=228"}],"curies":[{"name":"wp","href":"https:\/\/api.w.org\/{rel}","templated":true}]}}