{"id":17,"date":"2017-02-01T13:02:53","date_gmt":"2017-02-01T13:02:53","guid":{"rendered":"http:\/\/frank-e.dk\/?page_id=17"},"modified":"2017-02-09T13:44:44","modified_gmt":"2017-02-09T13:44:44","slug":"about","status":"publish","type":"page","link":"https:\/\/frank-e.dk\/?page_id=17","title":{"rendered":"Om"},"content":{"rendered":"<p>Jeg er f\u00f8dt 1976, er cand. mag. i dansk samt medier, kultur &amp; IT . Jeg har professionelt arbejdet med mange aspekter af medier, kommunikation, journalistik og undervisning i dansk, litteratur, kommunikation og sprog, jvf. <a href=\"http:\/\/frank-e.dk\/?page_id=42\">mit CV<\/a>.<\/p>\n<p>Samtidig med mit professionelle virke har jeg skrevet tekst i form af digte, noveller og desuden lavet musik til demoscenen mv., ligesom jeg har en bred samfundsm\u00e6ssig, humoristisk, kulturel og filosofisk interesse, som blandt andet udm\u00f8nter sig i <a href=\"http:\/\/frank-e.dk\/?page_id=19\">blog-indl\u00e6g<\/a>.<\/p>\n<p><a href=\"http:\/\/frank-e.dk\">Frank-e.dk<\/a> har til form\u00e5l &#8211; det skal ikke v\u00e6re nogen hemmelighed &#8211; at promovere min kunnen indenfor tekst, litteratur, filosofi, musik og hvad jeg ellers sysler med. Ud fra den betragtning, at jeg gerne vil g\u00f8re mine interesser til mit professionelle virke, og dermed leve af den viden og de evner, jeg har oparbejdet og bruge dem til &#8211; ultimativt &#8211; at g\u00f8re verden til et bedre sted. Men mindre kan nu ogs\u00e5 g\u00f8re det.<\/p>\n<p>Det er s\u00e5ledes ogs\u00e5 her p\u00e5 frank-e.dk, jeg annoncerer nye udgivelser i form af litteratur, blog-indl\u00e6g og musik og hvis jeg i \u00f8vrigt laver noget sp\u00e6ndende, som netop <em>du<\/em> m\u00e5ske kunne have gl\u00e6de af at v\u00e6re med til.<\/p>\n<p>Bloggen skulle med tiden gerne give et mere nuanceret billede af s\u00e5vel min viden, kunnen og mine interesser som mine synspunkter og baggrunden for dem. Til geng\u00e6ld kan jeg (n\u00e6sten) love, at den bliver helt fri for kattevideoer, billeder af mine b\u00f8rn, ros til reality-programmer og -stjerner (Donald Trump inkluderet) og generel udbasunering af mit privatliv.<\/p>\n<p>Og s\u00e5 vil jeg selvf\u00f8lgelig gerne hj\u00e6lpe dig (ja, dig!) med at skrive de perfekte tekster og planl\u00e6gge din kommunikation bedst muligt &#8211; fordi forst\u00e5elighed, overskuelighed og viden om ens l\u00e6sere og kunder gerne skulle g\u00e5 h\u00e5nd i h\u00e5nd med integritet, karakt\u00e9r og trov\u00e6rdighed.<\/p>\n<p>Ydermere stiller jeg gerne op som underviser, foredragsholder, opl\u00e6ser, toastmaster, konsulent eller hvad du ellers kan finde p\u00e5 &#8211; og virker det bedre p\u00e5 engelsk, mestrer jeg ogs\u00e5 det.<\/p>\n<p>Jeg har\u00a0undervist i dansk og kommunikation, og har den faglige og uddannelsesm\u00e6ssige ballast, der skal til for at planl\u00e6gge, undervise og skabe interesse.<\/p>\n<p>Jeg ved ogs\u00e5 en masse om <a href=\"https:\/\/en.wikipedia.org\/wiki\/Demoscene\">demoscenen<\/a>\u00a0som subkultur, historisk set og hvordan demoscenere er endt med at udg\u00f8re en stor del af rygraden i spil-industrien, hvordan subkultur og mainstream-kultur bl.a. i denne forbindelse har indflydelse p\u00e5 hinanden.<\/p>\n<p>Jeg ved desuden en hel masse om litteratur i forskellige afskygninger og holder af at l\u00e6se s\u00e5vel klassikere som ny litteratur.<\/p>\n<p>Og m\u00e5ske ved jeg ogs\u00e5 en masse om samfundet og politik og fodbold, men det m\u00e5 du l\u00e6se mere om p\u00e5 bloggen efterh\u00e5nden som den vokser.<\/p>\n<p>&nbsp;<\/p>\n","protected":false},"excerpt":{"rendered":"<p>Jeg er f\u00f8dt 1976, er cand. mag. i dansk samt medier, kultur &amp; IT . Jeg har professionelt arbejdet med mange aspekter af medier, kommunikation, journalistik og undervisning i dansk, litteratur, kommunikation og sprog, jvf. mit CV. Samtidig med mit professionelle virke har jeg skrevet tekst i form af digte, noveller og desuden lavet musik&hellip;<\/p>\n","protected":false},"author":1,"featured_media":0,"parent":0,"menu_order":0,"comment_status":"closed","ping_status":"closed","template":"","meta":{"footnotes":""},"class_list":["post-17","page","type-page","status-publish","hentry"],"_links":{"self":[{"href":"https:\/\/frank-e.dk\/index.php?rest_route=\/wp\/v2\/pages\/17","targetHints":{"allow":["GET"]}}],"collection":[{"href":"https:\/\/frank-e.dk\/index.php?rest_route=\/wp\/v2\/pages"}],"about":[{"href":"https:\/\/frank-e.dk\/index.php?rest_route=\/wp\/v2\/types\/page"}],"author":[{"embeddable":true,"href":"https:\/\/frank-e.dk\/index.php?rest_route=\/wp\/v2\/users\/1"}],"replies":[{"embeddable":true,"href":"https:\/\/frank-e.dk\/index.php?rest_route=%2Fwp%2Fv2%2Fcomments&post=17"}],"version-history":[{"count":6,"href":"https:\/\/frank-e.dk\/index.php?rest_route=\/wp\/v2\/pages\/17\/revisions"}],"predecessor-version":[{"id":63,"href":"https:\/\/frank-e.dk\/index.php?rest_route=\/wp\/v2\/pages\/17\/revisions\/63"}],"wp:attachment":[{"href":"https:\/\/frank-e.dk\/index.php?rest_route=%2Fwp%2Fv2%2Fmedia&parent=17"}],"curies":[{"name":"wp","href":"https:\/\/api.w.org\/{rel}","templated":true}]}}