{"id":16,"date":"2017-02-01T13:02:53","date_gmt":"2017-02-01T13:02:53","guid":{"rendered":"http:\/\/frank-e.dk\/?page_id=16"},"modified":"2017-08-08T11:29:12","modified_gmt":"2017-08-08T11:29:12","slug":"home","status":"publish","type":"page","link":"https:\/\/frank-e.dk\/?page_id=16","title":{"rendered":"Velkommen"},"content":{"rendered":"<p>Velkommen til.<\/p>\n<p>Frank-E.dk er stedet, hvor jeg falbyder min person og mine evner &#8211; i nogle tilf\u00e6lde for\u00e6rer dem v\u00e6k, imens jeg trygt danser hen ad linen eller g\u00e5r planken ud i den h\u00e5rfine balance mellem personligt og forretningsorienteret.<\/p>\n<p>Mere specifikt kan jeg formodentligt hj\u00e6lpe dig med<\/p>\n<ul>\n<li>at skrive, redigere, korrigere, opl\u00e6se og\/eller overs\u00e6tte tekst<\/li>\n<li>at undervise inden for mine kerneomr\u00e5der<\/li>\n<li>at finde den rette plan for at markedsf\u00f8re din virksomhed<\/li>\n<li>at interviewe, filme og researche enhver historie<\/li>\n<li>at skrive musik<\/li>\n<li>&#8230;og s\u00e5 alt det, der sker, imens vi l\u00e6gger andre planer<\/li>\n<\/ul>\n<p>Integritet, humor, kreativitet, rationalitet og originalitet er fem n\u00f8gleord i min tankegang og m\u00e5de at l\u00f8se opgaver p\u00e5.<\/p>\n<p>Og s\u00e5 kan du ellers <a href=\"http:\/\/frank-e.dk\/?page_id=19\">l\u00e6se<\/a> eller <a href=\"http:\/\/frank-e.dk\/?page_id=103\">h\u00f8re<\/a> mere af mit v\u00e6rk og en smule mere om mig, rent <a href=\"http:\/\/frank-e.dk\/?page_id=42\">professionelt<\/a>, her p\u00e5 <a href=\"http:\/\/frank-e.dk\/?page_id=17\">siden<\/a>.<\/p>\n","protected":false},"excerpt":{"rendered":"<p>Velkommen til. Frank-E.dk er stedet, hvor jeg falbyder min person og mine evner &#8211; i nogle tilf\u00e6lde for\u00e6rer dem v\u00e6k, imens jeg trygt danser hen ad linen eller g\u00e5r planken ud i den h\u00e5rfine balance mellem personligt og forretningsorienteret. Mere specifikt kan jeg formodentligt hj\u00e6lpe dig med at skrive, redigere, korrigere, opl\u00e6se og\/eller overs\u00e6tte tekst&hellip;<\/p>\n","protected":false},"author":1,"featured_media":0,"parent":0,"menu_order":0,"comment_status":"closed","ping_status":"closed","template":"","meta":{"footnotes":""},"class_list":["post-16","page","type-page","status-publish","hentry"],"_links":{"self":[{"href":"https:\/\/frank-e.dk\/index.php?rest_route=\/wp\/v2\/pages\/16","targetHints":{"allow":["GET"]}}],"collection":[{"href":"https:\/\/frank-e.dk\/index.php?rest_route=\/wp\/v2\/pages"}],"about":[{"href":"https:\/\/frank-e.dk\/index.php?rest_route=\/wp\/v2\/types\/page"}],"author":[{"embeddable":true,"href":"https:\/\/frank-e.dk\/index.php?rest_route=\/wp\/v2\/users\/1"}],"replies":[{"embeddable":true,"href":"https:\/\/frank-e.dk\/index.php?rest_route=%2Fwp%2Fv2%2Fcomments&post=16"}],"version-history":[{"count":6,"href":"https:\/\/frank-e.dk\/index.php?rest_route=\/wp\/v2\/pages\/16\/revisions"}],"predecessor-version":[{"id":158,"href":"https:\/\/frank-e.dk\/index.php?rest_route=\/wp\/v2\/pages\/16\/revisions\/158"}],"wp:attachment":[{"href":"https:\/\/frank-e.dk\/index.php?rest_route=%2Fwp%2Fv2%2Fmedia&parent=16"}],"curies":[{"name":"wp","href":"https:\/\/api.w.org\/{rel}","templated":true}]}}